{"id":331,"date":"2025-03-19T15:38:34","date_gmt":"2025-03-19T15:38:34","guid":{"rendered":"http:\/\/laughtogether.eu\/?page_id=331"},"modified":"2026-05-05T17:29:08","modified_gmt":"2026-05-05T14:29:08","slug":"contact","status":"publish","type":"page","link":"https:\/\/laughtogether.eu\/pl\/contact\/","title":{"rendered":"Contact"},"content":{"rendered":"<h1><strong>Contact us<\/strong><\/h1>\n<div><div class=\"forminator-ui forminator-custom-form forminator-custom-form-474 forminator-design--default  forminator_ajax\" data-forminator-render=\"0\" data-form=\"forminator-module-474\" data-uid=\"69fb2fcd3356a\"><br\/><\/div><form\n\t\t\t\tid=\"forminator-module-474\"\n\t\t\t\tclass=\"forminator-ui forminator-custom-form forminator-custom-form-474 forminator-design--default  forminator_ajax\"\n\t\t\t\tmethod=\"post\"\n\t\t\t\tdata-forminator-render=\"0\"\n\t\t\t\tdata-form-id=\"474\"\n\t\t\t\t data-color-option=\"theme\" data-design=\"default\" data-grid=\"open\" style=\"display: none;\"\n\t\t\t\tdata-uid=\"69fb2fcd3356a\"\n\t\t\t><div role=\"alert\" aria-live=\"polite\" class=\"forminator-response-message forminator-error\" aria-hidden=\"true\"><\/div><div class=\"forminator-row\"><div id=\"name-1\" class=\"forminator-field-name forminator-col forminator-col-12 \"><div class=\"forminator-field\"><label for=\"forminator-field-name-1_69fb2fcd3356a\" id=\"forminator-field-name-1_69fb2fcd3356a-label\" class=\"forminator-label\">Name <span class=\"forminator-required\">*<\/span><\/label><input type=\"text\" name=\"name-1\" value=\"\" placeholder=\"\" id=\"forminator-field-name-1_69fb2fcd3356a\" class=\"forminator-input forminator-name--field\" aria-required=\"true\" autocomplete=\"name\" \/><\/div><\/div><\/div><div class=\"forminator-row\"><div id=\"email-1\" class=\"forminator-field-email forminator-col forminator-col-12 \"><div class=\"forminator-field\"><label for=\"forminator-field-email-1_69fb2fcd3356a\" id=\"forminator-field-email-1_69fb2fcd3356a-label\" class=\"forminator-label\">Email Address <span class=\"forminator-required\">*<\/span><\/label><input type=\"email\" name=\"email-1\" value=\"\" placeholder=\"\" id=\"forminator-field-email-1_69fb2fcd3356a\" class=\"forminator-input forminator-email--field\" data-required=\"true\" aria-required=\"true\" autocomplete=\"email\" \/><\/div><\/div><\/div><div class=\"forminator-row\"><div id=\"text-1\" class=\"forminator-field-text forminator-col forminator-col-12 \"><div class=\"forminator-field\"><label for=\"forminator-field-text-1_69fb2fcd3356a\" id=\"forminator-field-text-1_69fb2fcd3356a-label\" class=\"forminator-label\">Subject <span class=\"forminator-required\">*<\/span><\/label><input type=\"text\" name=\"text-1\" value=\"\" placeholder=\"\" id=\"forminator-field-text-1_69fb2fcd3356a\" class=\"forminator-input forminator-name--field\" data-required=\"1\" \/><\/div><\/div><\/div><div class=\"forminator-row\"><div id=\"textarea-1\" class=\"forminator-field-textarea forminator-col forminator-col-12 \"><div class=\"forminator-field\"><label for=\"forminator-field-textarea-1_69fb2fcd3356a\" id=\"forminator-field-textarea-1_69fb2fcd3356a-label\" class=\"forminator-label\">Message <span class=\"forminator-required\">*<\/span><\/label><span id=\"forminator-field-textarea-1_69fb2fcd3356a-description\" class=\"forminator-description\"><span data-limit=\"280\" data-type=\"characters\" data-editor=\"\">0 \/ 280<\/span><\/span><textarea name=\"textarea-1\" placeholder=\"\" id=\"forminator-field-textarea-1_69fb2fcd3356a\" class=\"forminator-textarea\" rows=\"6\" style=\"--forminator-textarea-min-height:140px;\" maxlength=\"280\" ><\/textarea><\/div><\/div><\/div><div class=\"forminator-row\"><div id=\"captcha-1\" class=\"forminator-field-captcha forminator-col forminator-col-12 \"><div class=\"forminator-captcha-left forminator-turnstile\" data-theme=\"auto\" data-language=\"en\" data-sitekey=\"0x4AAAAAACivx_lfyjYmwFHp\" data-size=\"normal\"><\/div> <\/div><\/div><input type=\"hidden\" name=\"referer_url\" value=\"\" \/><script src=\"https:\/\/challenges.cloudflare.com\/turnstile\/v0\/api.js?render=explicit&amp;ver=6.9.4\" id=\"cfturnstile-js\"><\/script>\n<style>#cf-turnstile-fmntr-474 { margin-left: 0px !important; }<\/style>\t\t<div id=\"cf-turnstile-fmntr-474\"\r\n\t\tclass=\"cf-turnstile\" \t\tdata-sitekey=\"0x4AAAAAACivx_lfyjYmwFHp\"\r\n\t\tdata-theme=\"light\"\r\n\t\tdata-language=\"auto\"\r\n\t\tdata-size=\"normal\"\r\n\t\tdata-retry=\"auto\" data-retry-interval=\"1000\"\r\n\t\tdata-refresh-expired=\"auto\"\r\n\t\tdata-refresh-timeout=\"auto\"\r\n\t\tdata-action=\"forminator-form-474\"\r\n\t\tdata-callback=\"turnstileForminatorCallback\"\r\n\t\t\t\tdata-appearance=\"always\"><\/div>\r\n\t\t\t<script>document.addEventListener(\"DOMContentLoaded\", function() { setTimeout(function(){ var e=document.getElementById(\"cf-turnstile-fmntr-474\"); if(e&&!e.innerHTML.trim()){turnstile.render(e, {sitekey:\"0x4AAAAAACivx_lfyjYmwFHp\"});} }, 200); });<\/script>\r\n\t\t\t<br class=\"cf-turnstile-br cf-turnstile-br-fmntr-474\">\r\n\t\t\t\t<style>#cf-turnstile-fmntr-474 { margin-left: -15px; }<\/style>\r\n\t\t                        <script>\r\n            \/\/ On ajax.complete run turnstile.render if element is empty\r\n            jQuery(document).ajaxComplete(function() {\r\n                setTimeout(function() {\r\n                    if (document.getElementById('cf-turnstile-fmntr-474')) {\r\n                        if(!document.getElementById('cf-turnstile-fmntr-474').innerHTML.trim()) {\r\n                                turnstile.remove('#cf-turnstile-fmntr-474');\r\n                                turnstile.render('#cf-turnstile-fmntr-474');\r\n                        }\r\n                    }\r\n                }, 1000);\r\n            });\r\n            \/\/ Enable Submit Button Function\r\n            function turnstileForminatorCallback() {\r\n                document.querySelectorAll('.forminator-button, .forminator-button-submit').forEach(function(el) {\r\n                    el.style.pointerEvents = 'auto';\r\n                    el.style.opacity = '1';\r\n                });\r\n            }\r\n            \/\/ On submit re-render\r\n            jQuery(document).ready(function() {\r\n                jQuery('.forminator-custom-form').on('submit', function() {\r\n                    if(document.getElementById('cf-turnstile-fmntr-474')) {\r\n                        setTimeout(function() {\r\n                            turnstile.remove('#cf-turnstile-fmntr-474');\r\n                            turnstile.render('#cf-turnstile-fmntr-474');\r\n                        }, 1000);\r\n                    }\r\n                });\r\n            });\r\n            <\/script>\r\n                        <div class=\"forminator-row forminator-row-last\"><div class=\"forminator-col\"><div class=\"forminator-field\"><button class=\"forminator-button forminator-button-submit uk-button uk-button-default\">Submit<\/button><\/div><\/div><\/div><input type=\"hidden\" id=\"forminator_nonce\" name=\"forminator_nonce\" value=\"6d2aa614ab\" \/><input type=\"hidden\" name=\"_wp_http_referer\" value=\"\/pl\/wp-json\/wp\/v2\/pages\/331\" \/><input type=\"hidden\" name=\"form_id\" value=\"474\"><input type=\"hidden\" name=\"page_id\" value=\"331\"><input type=\"hidden\" name=\"form_type\" value=\"default\"><input type=\"hidden\" name=\"current_url\" value=\"https:\/\/laughtogether.eu\/pl\/contact\/\"><input type=\"hidden\" name=\"render_id\" value=\"0\"><input type=\"hidden\" name=\"action\" value=\"forminator_submit_form_custom-forms\"><label for=\"input_5\" class=\"forminator-hidden\" aria-hidden=\"true\">Prosz\u0119 nie wype\u0142nia\u0107 tego pola. <input id=\"input_5\" type=\"text\" name=\"input_5\" value=\"\" autocomplete=\"off\"><\/label><\/form><\/div>\n<div><\/div>\n<p><img decoding=\"async\" src=\"\/wp-content\/uploads\/2026\/05\/contact-us.svg\" alt=\"\"><\/p>\n<p><!--more--><br \/>\n<!-- {\"type\":\"layout\",\"children\":[{\"type\":\"section\",\"props\":{\"image_position\":\"center-center\",\"padding_bottom\":\"none\",\"padding_top\":\"small\",\"style\":\"default\",\"title_breakpoint\":\"xl\",\"title_position\":\"top-left\",\"title_rotation\":\"left\",\"vertical_align\":\"middle\",\"width\":\"default\"},\"children\":[{\"type\":\"row\",\"children\":[{\"type\":\"column\",\"props\":{\"image_position\":\"center-center\",\"position_sticky_breakpoint\":\"m\"},\"children\":[{\"type\":\"breadcrumbs\",\"props\":{\"show_current\":true,\"show_home\":true}},{\"type\":\"headline\",\"props\":{\"content\":\"<strong>Contact us<\/strong>\",\"image_align\":\"left\",\"image_margin\":\"xsmall\",\"title_element\":\"h1\",\"title_style\":\"heading-medium\"},\"name\":\"Contact us\"}]}]},{\"type\":\"row\",\"children\":[{\"type\":\"column\",\"props\":{\"image_position\":\"center-center\",\"position_sticky_breakpoint\":\"m\",\"width_medium\":\"1-2\"},\"children\":[{\"type\":\"text\",\"props\":{\"column_breakpoint\":\"m\",\"content\":\"[forminator_form id=\\\"474\\\"]\",\"css\":\"\/* Target all standard input fields, textareas, and dropdowns *\/\\n.forminator-field .forminator-input, \\n.forminator-field .forminator-textarea, \\n.forminator-field .forminator-select .forminator-select-dropdown,\\n.forminator-field .forminator-multiselect {\\n    border-radius: 15px !important;\\n}\\n\\n\/* Specifically for the Select2 dropdown container if you use searchable selects *\/\\n.forminator-select.forminator-select-dropdown-container--open .selection .select2-selection,\\n.forminator-select .selection .select2-selection {\\n    border-radius: 15px !important;\\n}\\n\\n\/* Target the Submit Button to match *\/\\n.forminator-button-submit {\\n    border-radius: 15px !important;\\n    font-weight: bold !important;\\n\\n}\",\"margin_bottom\":\"default\",\"margin_top\":\"default\"},\"name\":\"Forminator form\"}]},{\"type\":\"column\",\"props\":{\"image_position\":\"center-center\",\"position_sticky_breakpoint\":\"m\",\"width_medium\":\"1-2\"},\"children\":[{\"type\":\"yoo_spacer\",\"props\":{\"spacer_element\":\"div\",\"spacer_height\":\"50\"}},{\"type\":\"image\",\"props\":{\"image\":\"wp-content\/uploads\/2026\/05\/contact-us.svg\",\"image_svg_color\":\"emphasis\",\"margin_bottom\":\"default\",\"margin_top\":\"default\"}}]}],\"props\":{\"layout\":\"1-2,1-2\"}}]}],\"version\":\"5.0.30\"} --><\/p>\n","protected":false},"excerpt":{"rendered":"<p>Contact us<\/p>","protected":false},"author":1,"featured_media":0,"parent":0,"menu_order":0,"comment_status":"closed","ping_status":"closed","template":"","meta":{"_acf_changed":false,"footnotes":""},"class_list":["post-331","page","type-page","status-publish","hentry"],"acf":[],"_links":{"self":[{"href":"https:\/\/laughtogether.eu\/pl\/wp-json\/wp\/v2\/pages\/331","targetHints":{"allow":["GET"]}}],"collection":[{"href":"https:\/\/laughtogether.eu\/pl\/wp-json\/wp\/v2\/pages"}],"about":[{"href":"https:\/\/laughtogether.eu\/pl\/wp-json\/wp\/v2\/types\/page"}],"author":[{"embeddable":true,"href":"https:\/\/laughtogether.eu\/pl\/wp-json\/wp\/v2\/users\/1"}],"replies":[{"embeddable":true,"href":"https:\/\/laughtogether.eu\/pl\/wp-json\/wp\/v2\/comments?post=331"}],"version-history":[{"count":43,"href":"https:\/\/laughtogether.eu\/pl\/wp-json\/wp\/v2\/pages\/331\/revisions"}],"predecessor-version":[{"id":729,"href":"https:\/\/laughtogether.eu\/pl\/wp-json\/wp\/v2\/pages\/331\/revisions\/729"}],"wp:attachment":[{"href":"https:\/\/laughtogether.eu\/pl\/wp-json\/wp\/v2\/media?parent=331"}],"curies":[{"name":"wp","href":"https:\/\/api.w.org\/{rel}","templated":true}]}}